{"id":4183,"date":"2021-11-19T11:54:26","date_gmt":"2021-11-19T08:54:26","guid":{"rendered":"http:\/\/192.168.1.21\/en\/?page_id=4183"},"modified":"2021-11-19T11:56:15","modified_gmt":"2021-11-19T08:56:15","slug":"international-patient","status":"publish","type":"page","link":"https:\/\/www.yasamhastanesi.com.tr\/en\/international-patient\/","title":{"rendered":"International Patient"},"content":{"rendered":"\t\t<div data-elementor-type=\"wp-page\" data-elementor-id=\"4183\" class=\"elementor elementor-4183\" data-elementor-settings=\"[]\">\n\t\t\t\t\t\t\t<div class=\"elementor-section-wrap\">\n\t\t\t\t\t\t\t<section class=\"elementor-section elementor-top-section elementor-element elementor-element-e06d7c8 elementor-section-boxed elementor-section-height-default elementor-section-height-default row-top\" data-id=\"e06d7c8\" data-element_type=\"section\">\n\t\t\t\t\t\t<div class=\"elementor-container elementor-column-gap-default\">\n\t\t\t\t\t<div class=\"elementor-column elementor-col-100 elementor-top-column elementor-element elementor-element-7cc67bd column-style-top\" data-id=\"7cc67bd\" data-element_type=\"column\">\n\t\t\t<div class=\"elementor-widget-wrap elementor-element-populated\">\n\t\t\t\t\t\t\t\t<div class=\"elementor-element elementor-element-ffeedcc elementor-widget elementor-widget-text-editor\" data-id=\"ffeedcc\" data-element_type=\"widget\" data-widget_type=\"text-editor.default\">\n\t\t\t\t<div class=\"elementor-widget-container\">\n\t\t\t\t\t\t\t<p class=\"entry-title\">When compared with health service in USA and Europe, Turkey is more preferred country by international patients. It can be shown as the most important reason, Turkey has best of the opportunities against its convenient prices. As Tekirda\u011f Ya\u015fam Hospital, we continue to provide medical care, transportation, accommodation and support services, in self-discipline and quality for more than 21 years.<\/p><div class=\"post-content clearfix\"><p>HOW DO YOU ORGANIZE YOUR HEALTH TRAVEL?<\/p><p>\u00a0<\/p><p>\u00a0 \u00a0This is a hospital that has sensitive health care with optimal size. For international patients, every detail is considered and guarantied the latest technologies in medical sector. To make you feel comfortable about your journey, we are always with you before, during and after your visit.<\/p><p>What we focus is;<\/p><p>o\u00a0\u00a0\u00a0\u00a0Service quality,<\/p><p>o\u00a0 \u00a0\u00a0Patient safety,<\/p><p>o\u00a0 \u00a0\u00a0Personal patient care,<\/p><p>\u00a0<\/p><p>The point is, we understand that is not easy to go to a foreign country for treatment. Our starting point was to put ourselves in your place.<\/p><p>\u00a0<\/p><p>HOW DO YOU COMMUNICATE WITH US?<\/p><p>\u00a0<\/p><p>When you need us, we are reachable by e-mail, telephone or the \u201cASK TO THE DOCTOR\u201d button on our website. Our professional team will be ready to help you. You will be answered in 24 hours.<\/p><p>\u00a0<\/p><p>One member of our team will inform you about;<\/p><p>\u00a0<\/p><p>\u00d8\u00a0\u00a0Our services, programs and doctors,<\/p><p>\u00d8\u00a0\u00a0What is your treatment,<\/p><p>\u00d8\u00a0\u00a0Which doctor will help you to satisfy your need,<\/p><p>\u00d8\u00a0\u00a0Schedule, included first appointment and after operation care,<\/p><p>\u00d8\u00a0\u00a0Transportation and accommodation,\u00a0\u00a0\u00a0<\/p><p>\u00d8\u00a0\u00a0How to transport hospital, accommodation place and the places you can visit,<\/p><p>\u00d8\u00a0\u00a0Medical cost and receipt.<\/p><p>\u00a0<\/p><p>WHAT WE NEED TO HELP YOU BETTER?<\/p><p>\u00a0<\/p><p>To understand what is your medical requirement and finding the right doctor, please send us every related documents.<\/p><ul><li>Summary of your disease,<\/li><li>Your previous surgeons, sickness and chronic illness,<\/li><li>Medical reports, x-rays, computerized tomography findings, magnetic resonance imaging, laboratory results and previous discharge reports,<\/li><li>List of your medicines at full strength.<\/li><\/ul><p>\u00a0<\/p><p>HOW CAN YOU REACH HOSPITAL?<\/p><p>\u00a0<\/p><p>Just give information, when and which airport (Atat\u00fcrk or Sabiha G\u00f6k\u00e7en) will you arrive, then we will be there to meet and serve you.<\/p><\/div>\t\t\t\t\t\t<\/div>\n\t\t\t\t<\/div>\n\t\t\t\t\t<\/div>\n\t\t<\/div>\n\t\t\t\t\t\t\t<\/div>\n\t\t<\/section>\n\t\t\t\t\t\t<\/div>\n\t\t\t\t\t<\/div>\n\t\t","protected":false},"excerpt":{"rendered":"<p>When compared with health service in USA and Europe, Turkey is more preferred country by international patients. It can be shown as the most important reason, Turkey has best of the opportunities against its convenient prices. As Tekirda\u011f Ya\u015fam Hospital, we continue to provide medical care, transportation, accommodation and support services, in self-discipline and quality [&hellip;]<\/p>\n","protected":false},"author":1,"featured_media":0,"parent":0,"menu_order":0,"comment_status":"closed","ping_status":"closed","template":"","meta":{"footnotes":""},"class_list":["post-4183","page","type-page","status-publish","hentry"],"_links":{"self":[{"href":"https:\/\/www.yasamhastanesi.com.tr\/en\/wp-json\/wp\/v2\/pages\/4183","targetHints":{"allow":["GET"]}}],"collection":[{"href":"https:\/\/www.yasamhastanesi.com.tr\/en\/wp-json\/wp\/v2\/pages"}],"about":[{"href":"https:\/\/www.yasamhastanesi.com.tr\/en\/wp-json\/wp\/v2\/types\/page"}],"author":[{"embeddable":true,"href":"https:\/\/www.yasamhastanesi.com.tr\/en\/wp-json\/wp\/v2\/users\/1"}],"replies":[{"embeddable":true,"href":"https:\/\/www.yasamhastanesi.com.tr\/en\/wp-json\/wp\/v2\/comments?post=4183"}],"version-history":[{"count":6,"href":"https:\/\/www.yasamhastanesi.com.tr\/en\/wp-json\/wp\/v2\/pages\/4183\/revisions"}],"predecessor-version":[{"id":4189,"href":"https:\/\/www.yasamhastanesi.com.tr\/en\/wp-json\/wp\/v2\/pages\/4183\/revisions\/4189"}],"wp:attachment":[{"href":"https:\/\/www.yasamhastanesi.com.tr\/en\/wp-json\/wp\/v2\/media?parent=4183"}],"curies":[{"name":"wp","href":"https:\/\/api.w.org\/{rel}","templated":true}]}}